{"id":615,"date":"2014-04-15T10:48:06","date_gmt":"2014-04-15T10:48:06","guid":{"rendered":"https:\/\/cardaklije.com\/home-2\/"},"modified":"2014-04-15T10:48:06","modified_gmt":"2014-04-15T10:48:06","slug":"home-2","status":"publish","type":"page","link":"https:\/\/cardaklije.com\/en\/home-2\/","title":{"rendered":"Home"},"content":{"rendered":"\t\t<div data-elementor-type=\"wp-post\" data-elementor-id=\"615\" class=\"elementor elementor-615 elementor-bc-flex-widget\" data-elementor-post-type=\"page\">\n\t\t\t\t\t\t<section class=\"elementor-section elementor-top-section elementor-element elementor-element-srfnukx elementor-section-stretched elementor-section-full_width elementor-section-height-default elementor-section-height-default\" data-id=\"srfnukx\" data-element_type=\"section\" data-settings=\"{&quot;stretch_section&quot;:&quot;section-stretched&quot;,&quot;background_background&quot;:&quot;classic&quot;}\">\n\t\t\t\t\t\t<div class=\"elementor-container elementor-column-gap-default\">\n\t\t\t\t\t<div class=\"elementor-column elementor-col-100 elementor-top-column elementor-element elementor-element-jgtklak\" data-id=\"jgtklak\" data-element_type=\"column\">\n\t\t\t<div class=\"elementor-widget-wrap elementor-element-populated\">\n\t\t\t\t\t\t<div class=\"elementor-element elementor-element-ozeljkt elementor-widget elementor-widget-text-editor\" data-id=\"ozeljkt\" data-element_type=\"widget\" data-widget_type=\"text-editor.default\">\n\t\t\t\t<div class=\"elementor-widget-container\">\n\t\t\t\t\t\t\t\t\t<p>Nedaleko od Bosanskog Petrovca, u selu Vrto\u010de, smje\u0161teno je Seosko doma\u0107instvo \u201e\u010cardaklije\u201c<br \/> \u010cardaklije imaju dobar polo\u017eaj i nalaze se\u00a012 km od Nacionalnog parka Una, 2 sata od Jadranskog mora i 70 km od Plitvi\u010dkih jezera.<br \/> Danas se na Seoskom doma\u0107instvu \u010cardaklije \u017eivi i radi onako kako su \u017eivjeli i radili preci Rado\u0161evi\u0107a prije 150 godina.<\/p>\t\t\t\t\t\t\t\t<\/div>\n\t\t\t\t<\/div>\n\t\t\t\t<div class=\"elementor-element elementor-element-xrh3qzm elementor-align-center elementor-widget elementor-widget-button\" data-id=\"xrh3qzm\" data-element_type=\"widget\" data-widget_type=\"button.default\">\n\t\t\t\t<div class=\"elementor-widget-container\">\n\t\t\t\t\t\t\t\t\t<div class=\"elementor-button-wrapper\">\n\t\t\t\t\t<a class=\"elementor-button elementor-button-link elementor-size-sm\" href=\"#\">\n\t\t\t\t\t\t<span class=\"elementor-button-content-wrapper\">\n\t\t\t\t\t\t\t\t\t<span class=\"elementor-button-text\">Pro\u010ditajte cijelu pri\u010du<\/span>\n\t\t\t\t\t<\/span>\n\t\t\t\t\t<\/a>\n\t\t\t\t<\/div>\n\t\t\t\t\t\t\t\t<\/div>\n\t\t\t\t<\/div>\n\t\t\t\t\t<\/div>\n\t\t<\/div>\n\t\t\t\t\t<\/div>\n\t\t<\/section>\n\t\t\t\t<section class=\"elementor-section elementor-top-section elementor-element elementor-element-j27kvgn elementor-section-stretched elementor-section-full_width elementor-section-height-default elementor-section-height-default\" data-id=\"j27kvgn\" data-element_type=\"section\" data-settings=\"{&quot;stretch_section&quot;:&quot;section-stretched&quot;}\">\n\t\t\t\t\t\t<div class=\"elementor-container elementor-column-gap-default\">\n\t\t\t\t\t<div class=\"elementor-column elementor-col-33 elementor-top-column elementor-element elementor-element-p0f9sof\" data-id=\"p0f9sof\" data-element_type=\"column\" data-settings=\"{&quot;background_background&quot;:&quot;classic&quot;}\">\n\t\t\t<div class=\"elementor-widget-wrap elementor-element-populated\">\n\t\t\t\t\t<div class=\"elementor-background-overlay\"><\/div>\n\t\t\t\t\t\t<div class=\"elementor-element elementor-element-uef2i5p elementor-widget elementor-widget-spacer\" data-id=\"uef2i5p\" data-element_type=\"widget\" data-widget_type=\"spacer.default\">\n\t\t\t\t<div class=\"elementor-widget-container\">\n\t\t\t\t\t\t\t<div class=\"elementor-spacer\">\n\t\t\t<div class=\"elementor-spacer-inner\"><\/div>\n\t\t<\/div>\n\t\t\t\t\t\t<\/div>\n\t\t\t\t<\/div>\n\t\t\t\t<div class=\"elementor-element elementor-element-9yzgham elementor-widget elementor-widget-heading\" data-id=\"9yzgham\" data-element_type=\"widget\" data-widget_type=\"heading.default\">\n\t\t\t\t<div class=\"elementor-widget-container\">\n\t\t\t\t\t<h4 class=\"elementor-heading-title elementor-size-default\">Doma\u0107a hrana<\/h4>\t\t\t\t<\/div>\n\t\t\t\t<\/div>\n\t\t\t\t<div class=\"elementor-element elementor-element-qozue3j elementor-widget elementor-widget-text-editor\" data-id=\"qozue3j\" data-element_type=\"widget\" data-widget_type=\"text-editor.default\">\n\t\t\t\t<div class=\"elementor-widget-container\">\n\t\t\t\t\t\t\t\t\t<p>U toplim ljetnim danima, u ambijentu hrastove \u0161ume, ure\u0111eni travnati prosotor oko\u00a0ognji\u0161ta idealno je mjesto za JELO, dru\u017eenje i ugodan razgovor u hladovini&#8230;<\/p>\t\t\t\t\t\t\t\t<\/div>\n\t\t\t\t<\/div>\n\t\t\t\t<div class=\"elementor-element elementor-element-cwa42a7 elementor-align-center elementor-widget elementor-widget-button\" data-id=\"cwa42a7\" data-element_type=\"widget\" data-widget_type=\"button.default\">\n\t\t\t\t<div class=\"elementor-widget-container\">\n\t\t\t\t\t\t\t\t\t<div class=\"elementor-button-wrapper\">\n\t\t\t\t\t<a class=\"elementor-button elementor-button-link elementor-size-sm\" href=\"#\">\n\t\t\t\t\t\t<span class=\"elementor-button-content-wrapper\">\n\t\t\t\t\t\t\t\t\t<span class=\"elementor-button-text\">&gt;<\/span>\n\t\t\t\t\t<\/span>\n\t\t\t\t\t<\/a>\n\t\t\t\t<\/div>\n\t\t\t\t\t\t\t\t<\/div>\n\t\t\t\t<\/div>\n\t\t\t\t<div class=\"elementor-element elementor-element-x6toh1u elementor-widget elementor-widget-spacer\" data-id=\"x6toh1u\" data-element_type=\"widget\" data-widget_type=\"spacer.default\">\n\t\t\t\t<div class=\"elementor-widget-container\">\n\t\t\t\t\t\t\t<div class=\"elementor-spacer\">\n\t\t\t<div class=\"elementor-spacer-inner\"><\/div>\n\t\t<\/div>\n\t\t\t\t\t\t<\/div>\n\t\t\t\t<\/div>\n\t\t\t\t\t<\/div>\n\t\t<\/div>\n\t\t\t\t<div class=\"elementor-column elementor-col-33 elementor-top-column elementor-element elementor-element-ss2vzgf\" data-id=\"ss2vzgf\" data-element_type=\"column\" data-settings=\"{&quot;background_background&quot;:&quot;classic&quot;}\">\n\t\t\t<div class=\"elementor-widget-wrap elementor-element-populated\">\n\t\t\t\t\t<div class=\"elementor-background-overlay\"><\/div>\n\t\t\t\t\t\t<div class=\"elementor-element elementor-element-rgra9nm elementor-widget elementor-widget-spacer\" data-id=\"rgra9nm\" data-element_type=\"widget\" data-widget_type=\"spacer.default\">\n\t\t\t\t<div class=\"elementor-widget-container\">\n\t\t\t\t\t\t\t<div class=\"elementor-spacer\">\n\t\t\t<div class=\"elementor-spacer-inner\"><\/div>\n\t\t<\/div>\n\t\t\t\t\t\t<\/div>\n\t\t\t\t<\/div>\n\t\t\t\t<div class=\"elementor-element elementor-element-9bsltts elementor-widget elementor-widget-heading\" data-id=\"9bsltts\" data-element_type=\"widget\" data-widget_type=\"heading.default\">\n\t\t\t\t<div class=\"elementor-widget-container\">\n\t\t\t\t\t<h4 class=\"elementor-heading-title elementor-size-default\">SMJE\u0160TAJ<\/h4>\t\t\t\t<\/div>\n\t\t\t\t<\/div>\n\t\t\t\t<div class=\"elementor-element elementor-element-2ca3gn0 elementor-widget elementor-widget-text-editor\" data-id=\"2ca3gn0\" data-element_type=\"widget\" data-widget_type=\"text-editor.default\">\n\t\t\t\t<div class=\"elementor-widget-container\">\n\t\t\t\t\t\t\t\t\t<p>Nudimo ugodan smje\u0161taj u blizini centralnog dijela doma\u0107instva. Tipske seoske ku\u0107ice, apartmanskog tipa od 2 do 6 le\u017eajeva&#8230;<\/p>\t\t\t\t\t\t\t\t<\/div>\n\t\t\t\t<\/div>\n\t\t\t\t<div class=\"elementor-element elementor-element-k9qb68i elementor-align-center elementor-widget elementor-widget-button\" data-id=\"k9qb68i\" data-element_type=\"widget\" data-widget_type=\"button.default\">\n\t\t\t\t<div class=\"elementor-widget-container\">\n\t\t\t\t\t\t\t\t\t<div class=\"elementor-button-wrapper\">\n\t\t\t\t\t<a class=\"elementor-button elementor-button-link elementor-size-sm\" href=\"#\">\n\t\t\t\t\t\t<span class=\"elementor-button-content-wrapper\">\n\t\t\t\t\t\t\t\t\t<span class=\"elementor-button-text\">&gt;<\/span>\n\t\t\t\t\t<\/span>\n\t\t\t\t\t<\/a>\n\t\t\t\t<\/div>\n\t\t\t\t\t\t\t\t<\/div>\n\t\t\t\t<\/div>\n\t\t\t\t<div class=\"elementor-element elementor-element-qczpcam elementor-widget elementor-widget-spacer\" data-id=\"qczpcam\" data-element_type=\"widget\" data-widget_type=\"spacer.default\">\n\t\t\t\t<div class=\"elementor-widget-container\">\n\t\t\t\t\t\t\t<div class=\"elementor-spacer\">\n\t\t\t<div class=\"elementor-spacer-inner\"><\/div>\n\t\t<\/div>\n\t\t\t\t\t\t<\/div>\n\t\t\t\t<\/div>\n\t\t\t\t\t<\/div>\n\t\t<\/div>\n\t\t\t\t<div class=\"elementor-column elementor-col-33 elementor-top-column elementor-element elementor-element-anfezvb\" data-id=\"anfezvb\" data-element_type=\"column\" data-settings=\"{&quot;background_background&quot;:&quot;classic&quot;}\">\n\t\t\t<div class=\"elementor-widget-wrap elementor-element-populated\">\n\t\t\t\t\t<div class=\"elementor-background-overlay\"><\/div>\n\t\t\t\t\t\t<div class=\"elementor-element elementor-element-jidicz9 elementor-widget elementor-widget-spacer\" data-id=\"jidicz9\" data-element_type=\"widget\" data-widget_type=\"spacer.default\">\n\t\t\t\t<div class=\"elementor-widget-container\">\n\t\t\t\t\t\t\t<div class=\"elementor-spacer\">\n\t\t\t<div class=\"elementor-spacer-inner\"><\/div>\n\t\t<\/div>\n\t\t\t\t\t\t<\/div>\n\t\t\t\t<\/div>\n\t\t\t\t<div class=\"elementor-element elementor-element-8kio9th elementor-widget elementor-widget-heading\" data-id=\"8kio9th\" data-element_type=\"widget\" data-widget_type=\"heading.default\">\n\t\t\t\t<div class=\"elementor-widget-container\">\n\t\t\t\t\t<h4 class=\"elementor-heading-title elementor-size-default\">PONUDE<\/h4>\t\t\t\t<\/div>\n\t\t\t\t<\/div>\n\t\t\t\t<div class=\"elementor-element elementor-element-kz8z51n elementor-widget elementor-widget-text-editor\" data-id=\"kz8z51n\" data-element_type=\"widget\" data-widget_type=\"text-editor.default\">\n\t\t\t\t<div class=\"elementor-widget-container\">\n\t\t\t\t\t\t\t\t\t<p>Istra\u017eite okolinu na\u0161eg doma\u0107instva uz obilaske bli\u017ee i dalje okoline, kao i aktivnosti na samom doma\u0107instvu&#8230;<\/p>\t\t\t\t\t\t\t\t<\/div>\n\t\t\t\t<\/div>\n\t\t\t\t<div class=\"elementor-element elementor-element-0yalxhn elementor-align-center elementor-widget elementor-widget-button\" data-id=\"0yalxhn\" data-element_type=\"widget\" data-widget_type=\"button.default\">\n\t\t\t\t<div class=\"elementor-widget-container\">\n\t\t\t\t\t\t\t\t\t<div class=\"elementor-button-wrapper\">\n\t\t\t\t\t<a class=\"elementor-button elementor-button-link elementor-size-sm\" href=\"#\">\n\t\t\t\t\t\t<span class=\"elementor-button-content-wrapper\">\n\t\t\t\t\t\t\t\t\t<span class=\"elementor-button-text\">&gt;<\/span>\n\t\t\t\t\t<\/span>\n\t\t\t\t\t<\/a>\n\t\t\t\t<\/div>\n\t\t\t\t\t\t\t\t<\/div>\n\t\t\t\t<\/div>\n\t\t\t\t<div class=\"elementor-element elementor-element-j1qslcm elementor-widget elementor-widget-spacer\" data-id=\"j1qslcm\" data-element_type=\"widget\" data-widget_type=\"spacer.default\">\n\t\t\t\t<div class=\"elementor-widget-container\">\n\t\t\t\t\t\t\t<div class=\"elementor-spacer\">\n\t\t\t<div class=\"elementor-spacer-inner\"><\/div>\n\t\t<\/div>\n\t\t\t\t\t\t<\/div>\n\t\t\t\t<\/div>\n\t\t\t\t\t<\/div>\n\t\t<\/div>\n\t\t\t\t\t<\/div>\n\t\t<\/section>\n\t\t\t\t<section class=\"elementor-section elementor-top-section elementor-element elementor-element-6yo7jud elementor-section-stretched elementor-section-full_width elementor-section-height-default elementor-section-height-default\" data-id=\"6yo7jud\" data-element_type=\"section\" data-settings=\"{&quot;stretch_section&quot;:&quot;section-stretched&quot;,&quot;background_background&quot;:&quot;classic&quot;}\">\n\t\t\t\t\t\t<div class=\"elementor-container elementor-column-gap-default\">\n\t\t\t\t\t<div class=\"elementor-column elementor-col-50 elementor-top-column elementor-element elementor-element-qdt6ugb\" data-id=\"qdt6ugb\" data-element_type=\"column\">\n\t\t\t<div class=\"elementor-widget-wrap elementor-element-populated\">\n\t\t\t\t\t\t<div class=\"elementor-element elementor-element-305myfh elementor-widget elementor-widget-spacer\" data-id=\"305myfh\" data-element_type=\"widget\" data-widget_type=\"spacer.default\">\n\t\t\t\t<div class=\"elementor-widget-container\">\n\t\t\t\t\t\t\t<div class=\"elementor-spacer\">\n\t\t\t<div class=\"elementor-spacer-inner\"><\/div>\n\t\t<\/div>\n\t\t\t\t\t\t<\/div>\n\t\t\t\t<\/div>\n\t\t\t\t<div class=\"elementor-element elementor-element-astdwy4 elementor-widget elementor-widget-heading\" data-id=\"astdwy4\" data-element_type=\"widget\" data-widget_type=\"heading.default\">\n\t\t\t\t<div class=\"elementor-widget-container\">\n\t\t\t\t\t<h3 class=\"elementor-heading-title elementor-size-default\">REZERVACIJE<\/h3>\t\t\t\t<\/div>\n\t\t\t\t<\/div>\n\t\t\t\t<div class=\"elementor-element elementor-element-x23ttih elementor-widget elementor-widget-text-editor\" data-id=\"x23ttih\" data-element_type=\"widget\" data-widget_type=\"text-editor.default\">\n\t\t\t\t<div class=\"elementor-widget-container\">\n\t\t\t\t\t\t\t\t\t<p>Ovdje mo\u017eete izvr\u0161iti direktnu rezervaciju smje\u0161taja, restoranskih i ostalih usluga.<\/p>\t\t\t\t\t\t\t\t<\/div>\n\t\t\t\t<\/div>\n\t\t\t\t<div class=\"elementor-element elementor-element-n525tnn elementor-align-center elementor-widget elementor-widget-button\" data-id=\"n525tnn\" data-element_type=\"widget\" data-widget_type=\"button.default\">\n\t\t\t\t<div class=\"elementor-widget-container\">\n\t\t\t\t\t\t\t\t\t<div class=\"elementor-button-wrapper\">\n\t\t\t\t\t<a class=\"elementor-button elementor-button-link elementor-size-sm\" href=\"#\">\n\t\t\t\t\t\t<span class=\"elementor-button-content-wrapper\">\n\t\t\t\t\t\t\t\t\t<span class=\"elementor-button-text\">Rezervi\u0161i<\/span>\n\t\t\t\t\t<\/span>\n\t\t\t\t\t<\/a>\n\t\t\t\t<\/div>\n\t\t\t\t\t\t\t\t<\/div>\n\t\t\t\t<\/div>\n\t\t\t\t\t<\/div>\n\t\t<\/div>\n\t\t\t\t<div class=\"elementor-column elementor-col-50 elementor-top-column elementor-element elementor-element-diz362m\" data-id=\"diz362m\" data-element_type=\"column\">\n\t\t\t<div class=\"elementor-widget-wrap elementor-element-populated\">\n\t\t\t\t\t\t<div class=\"elementor-element elementor-element-dy0dt86 elementor-widget elementor-widget-image\" data-id=\"dy0dt86\" data-element_type=\"widget\" data-widget_type=\"image.default\">\n\t\t\t\t<div class=\"elementor-widget-container\">\n\t\t\t\t\t\t\t\t\t\t\t\t\t\t\t<img fetchpriority=\"high\" decoding=\"async\" width=\"800\" height=\"451\" src=\"https:\/\/cardaklije.com\/en\/wp-content\/uploads\/sites\/2\/2014\/04\/DSCF4460.cardaklije-1024x577.jpg\" class=\"attachment-large size-large wp-image-998\" alt=\"\" srcset=\"https:\/\/cardaklije.com\/en\/wp-content\/uploads\/sites\/2\/2014\/04\/DSCF4460.cardaklije.jpg 1024w, https:\/\/cardaklije.com\/en\/wp-content\/uploads\/sites\/2\/2014\/04\/DSCF4460.cardaklije-300x169.jpg 300w, https:\/\/cardaklije.com\/en\/wp-content\/uploads\/sites\/2\/2014\/04\/DSCF4460.cardaklije-768x433.jpg 768w\" sizes=\"(max-width: 800px) 100vw, 800px\" \/>\t\t\t\t\t\t\t\t\t\t\t\t\t\t\t<\/div>\n\t\t\t\t<\/div>\n\t\t\t\t\t<\/div>\n\t\t<\/div>\n\t\t\t\t\t<\/div>\n\t\t<\/section>\n\t\t\t\t<\/div>\n\t\t","protected":false},"excerpt":{"rendered":"<p>Nedaleko od Bosanskog Petrovca, u selu Vrto\u010de, smje\u0161teno je Seosko doma\u0107instvo \u201e\u010cardaklije\u201c \u010cardaklije imaju dobar polo\u017eaj i nalaze se\u00a012 km od Nacionalnog parka Una, 2 sata od Jadranskog mora i 70 km od Plitvi\u010dkih jezera. Danas se na Seoskom doma\u0107instvu \u010cardaklije \u017eivi i radi onako kako su \u017eivjeli i radili preci Rado\u0161evi\u0107a prije 150 godina. [&hellip;]<\/p>\n","protected":false},"author":1,"featured_media":0,"parent":0,"menu_order":1,"comment_status":"closed","ping_status":"closed","template":"","meta":{"footnotes":""},"class_list":["post-615","page","type-page","status-publish","hentry"],"yoast_head":"<!-- This site is optimized with the Yoast SEO plugin v26.2 - https:\/\/yoast.com\/wordpress\/plugins\/seo\/ -->\n<title>Home - Cardaklije<\/title>\n<meta name=\"robots\" content=\"index, follow, max-snippet:-1, max-image-preview:large, max-video-preview:-1\" \/>\n<link rel=\"canonical\" href=\"https:\/\/cardaklije.com\/en\/home-2\/\" \/>\n<meta property=\"og:locale\" content=\"en_US\" \/>\n<meta property=\"og:type\" content=\"article\" \/>\n<meta property=\"og:title\" content=\"Home - Cardaklije\" \/>\n<meta property=\"og:description\" content=\"Nedaleko od Bosanskog Petrovca, u selu Vrto\u010de, smje\u0161teno je Seosko doma\u0107instvo \u201e\u010cardaklije\u201c \u010cardaklije imaju dobar polo\u017eaj i nalaze se\u00a012 km od Nacionalnog parka Una, 2 sata od Jadranskog mora i 70 km od Plitvi\u010dkih jezera. Danas se na Seoskom doma\u0107instvu \u010cardaklije \u017eivi i radi onako kako su \u017eivjeli i radili preci Rado\u0161evi\u0107a prije 150 godina. [&hellip;]\" \/>\n<meta property=\"og:url\" content=\"https:\/\/cardaklije.com\/en\/home-2\/\" \/>\n<meta property=\"og:site_name\" content=\"Cardaklije\" \/>\n<meta property=\"og:image\" content=\"https:\/\/cardaklije.com\/en\/wp-content\/uploads\/sites\/2\/2014\/04\/DSCF4460.cardaklije-1024x577.jpg\" \/>\n<meta name=\"twitter:card\" content=\"summary_large_image\" \/>\n<meta name=\"twitter:label1\" content=\"Est. reading time\" \/>\n\t<meta name=\"twitter:data1\" content=\"1 minute\" \/>\n<script type=\"application\/ld+json\" class=\"yoast-schema-graph\">{\"@context\":\"https:\/\/schema.org\",\"@graph\":[{\"@type\":\"WebPage\",\"@id\":\"https:\/\/cardaklije.com\/en\/home-2\/\",\"url\":\"https:\/\/cardaklije.com\/en\/home-2\/\",\"name\":\"Home - Cardaklije\",\"isPartOf\":{\"@id\":\"https:\/\/cardaklije.com\/en\/#website\"},\"primaryImageOfPage\":{\"@id\":\"https:\/\/cardaklije.com\/en\/home-2\/#primaryimage\"},\"image\":{\"@id\":\"https:\/\/cardaklije.com\/en\/home-2\/#primaryimage\"},\"thumbnailUrl\":\"https:\/\/cardaklije.com\/en\/wp-content\/uploads\/sites\/2\/2014\/04\/DSCF4460.cardaklije-1024x577.jpg\",\"datePublished\":\"2014-04-15T10:48:06+00:00\",\"breadcrumb\":{\"@id\":\"https:\/\/cardaklije.com\/en\/home-2\/#breadcrumb\"},\"inLanguage\":\"en-US\",\"potentialAction\":[{\"@type\":\"ReadAction\",\"target\":[\"https:\/\/cardaklije.com\/en\/home-2\/\"]}]},{\"@type\":\"ImageObject\",\"inLanguage\":\"en-US\",\"@id\":\"https:\/\/cardaklije.com\/en\/home-2\/#primaryimage\",\"url\":\"https:\/\/cardaklije.com\/en\/wp-content\/uploads\/sites\/2\/2014\/04\/DSCF4460.cardaklije.jpg\",\"contentUrl\":\"https:\/\/cardaklije.com\/en\/wp-content\/uploads\/sites\/2\/2014\/04\/DSCF4460.cardaklije.jpg\",\"width\":1024,\"height\":577},{\"@type\":\"BreadcrumbList\",\"@id\":\"https:\/\/cardaklije.com\/en\/home-2\/#breadcrumb\",\"itemListElement\":[{\"@type\":\"ListItem\",\"position\":1,\"name\":\"Home\",\"item\":\"https:\/\/cardaklije.com\/en\/\"},{\"@type\":\"ListItem\",\"position\":2,\"name\":\"Home\"}]},{\"@type\":\"WebSite\",\"@id\":\"https:\/\/cardaklije.com\/en\/#website\",\"url\":\"https:\/\/cardaklije.com\/en\/\",\"name\":\"Cardaklije\",\"description\":\"ETHNO VILLAGE Bosnia and Herzegovina\",\"publisher\":{\"@id\":\"https:\/\/cardaklije.com\/en\/#organization\"},\"potentialAction\":[{\"@type\":\"SearchAction\",\"target\":{\"@type\":\"EntryPoint\",\"urlTemplate\":\"https:\/\/cardaklije.com\/en\/?s={search_term_string}\"},\"query-input\":{\"@type\":\"PropertyValueSpecification\",\"valueRequired\":true,\"valueName\":\"search_term_string\"}}],\"inLanguage\":\"en-US\"},{\"@type\":\"Organization\",\"@id\":\"https:\/\/cardaklije.com\/en\/#organization\",\"name\":\"Cardaklije\",\"url\":\"https:\/\/cardaklije.com\/en\/\",\"logo\":{\"@type\":\"ImageObject\",\"inLanguage\":\"en-US\",\"@id\":\"https:\/\/cardaklije.com\/en\/#\/schema\/logo\/image\/\",\"url\":\"https:\/\/cardaklije.com\/en\/wp-content\/uploads\/sites\/2\/2022\/02\/cropped-cardaklije_logo.png\",\"contentUrl\":\"https:\/\/cardaklije.com\/en\/wp-content\/uploads\/sites\/2\/2022\/02\/cropped-cardaklije_logo.png\",\"width\":882,\"height\":498,\"caption\":\"Cardaklije\"},\"image\":{\"@id\":\"https:\/\/cardaklije.com\/en\/#\/schema\/logo\/image\/\"}}]}<\/script>\n<!-- \/ Yoast SEO plugin. -->","yoast_head_json":{"title":"Home - Cardaklije","robots":{"index":"index","follow":"follow","max-snippet":"max-snippet:-1","max-image-preview":"max-image-preview:large","max-video-preview":"max-video-preview:-1"},"canonical":"https:\/\/cardaklije.com\/en\/home-2\/","og_locale":"en_US","og_type":"article","og_title":"Home - Cardaklije","og_description":"Nedaleko od Bosanskog Petrovca, u selu Vrto\u010de, smje\u0161teno je Seosko doma\u0107instvo \u201e\u010cardaklije\u201c \u010cardaklije imaju dobar polo\u017eaj i nalaze se\u00a012 km od Nacionalnog parka Una, 2 sata od Jadranskog mora i 70 km od Plitvi\u010dkih jezera. Danas se na Seoskom doma\u0107instvu \u010cardaklije \u017eivi i radi onako kako su \u017eivjeli i radili preci Rado\u0161evi\u0107a prije 150 godina. [&hellip;]","og_url":"https:\/\/cardaklije.com\/en\/home-2\/","og_site_name":"Cardaklije","og_image":[{"url":"https:\/\/cardaklije.com\/en\/wp-content\/uploads\/sites\/2\/2014\/04\/DSCF4460.cardaklije-1024x577.jpg","type":"","width":"","height":""}],"twitter_card":"summary_large_image","twitter_misc":{"Est. reading time":"1 minute"},"schema":{"@context":"https:\/\/schema.org","@graph":[{"@type":"WebPage","@id":"https:\/\/cardaklije.com\/en\/home-2\/","url":"https:\/\/cardaklije.com\/en\/home-2\/","name":"Home - Cardaklije","isPartOf":{"@id":"https:\/\/cardaklije.com\/en\/#website"},"primaryImageOfPage":{"@id":"https:\/\/cardaklije.com\/en\/home-2\/#primaryimage"},"image":{"@id":"https:\/\/cardaklije.com\/en\/home-2\/#primaryimage"},"thumbnailUrl":"https:\/\/cardaklije.com\/en\/wp-content\/uploads\/sites\/2\/2014\/04\/DSCF4460.cardaklije-1024x577.jpg","datePublished":"2014-04-15T10:48:06+00:00","breadcrumb":{"@id":"https:\/\/cardaklije.com\/en\/home-2\/#breadcrumb"},"inLanguage":"en-US","potentialAction":[{"@type":"ReadAction","target":["https:\/\/cardaklije.com\/en\/home-2\/"]}]},{"@type":"ImageObject","inLanguage":"en-US","@id":"https:\/\/cardaklije.com\/en\/home-2\/#primaryimage","url":"https:\/\/cardaklije.com\/en\/wp-content\/uploads\/sites\/2\/2014\/04\/DSCF4460.cardaklije.jpg","contentUrl":"https:\/\/cardaklije.com\/en\/wp-content\/uploads\/sites\/2\/2014\/04\/DSCF4460.cardaklije.jpg","width":1024,"height":577},{"@type":"BreadcrumbList","@id":"https:\/\/cardaklije.com\/en\/home-2\/#breadcrumb","itemListElement":[{"@type":"ListItem","position":1,"name":"Home","item":"https:\/\/cardaklije.com\/en\/"},{"@type":"ListItem","position":2,"name":"Home"}]},{"@type":"WebSite","@id":"https:\/\/cardaklije.com\/en\/#website","url":"https:\/\/cardaklije.com\/en\/","name":"Cardaklije","description":"ETHNO VILLAGE Bosnia and Herzegovina","publisher":{"@id":"https:\/\/cardaklije.com\/en\/#organization"},"potentialAction":[{"@type":"SearchAction","target":{"@type":"EntryPoint","urlTemplate":"https:\/\/cardaklije.com\/en\/?s={search_term_string}"},"query-input":{"@type":"PropertyValueSpecification","valueRequired":true,"valueName":"search_term_string"}}],"inLanguage":"en-US"},{"@type":"Organization","@id":"https:\/\/cardaklije.com\/en\/#organization","name":"Cardaklije","url":"https:\/\/cardaklije.com\/en\/","logo":{"@type":"ImageObject","inLanguage":"en-US","@id":"https:\/\/cardaklije.com\/en\/#\/schema\/logo\/image\/","url":"https:\/\/cardaklije.com\/en\/wp-content\/uploads\/sites\/2\/2022\/02\/cropped-cardaklije_logo.png","contentUrl":"https:\/\/cardaklije.com\/en\/wp-content\/uploads\/sites\/2\/2022\/02\/cropped-cardaklije_logo.png","width":882,"height":498,"caption":"Cardaklije"},"image":{"@id":"https:\/\/cardaklije.com\/en\/#\/schema\/logo\/image\/"}}]}},"_links":{"self":[{"href":"https:\/\/cardaklije.com\/en\/wp-json\/wp\/v2\/pages\/615","targetHints":{"allow":["GET"]}}],"collection":[{"href":"https:\/\/cardaklije.com\/en\/wp-json\/wp\/v2\/pages"}],"about":[{"href":"https:\/\/cardaklije.com\/en\/wp-json\/wp\/v2\/types\/page"}],"author":[{"embeddable":true,"href":"https:\/\/cardaklije.com\/en\/wp-json\/wp\/v2\/users\/1"}],"replies":[{"embeddable":true,"href":"https:\/\/cardaklije.com\/en\/wp-json\/wp\/v2\/comments?post=615"}],"version-history":[{"count":0,"href":"https:\/\/cardaklije.com\/en\/wp-json\/wp\/v2\/pages\/615\/revisions"}],"wp:attachment":[{"href":"https:\/\/cardaklije.com\/en\/wp-json\/wp\/v2\/media?parent=615"}],"curies":[{"name":"wp","href":"https:\/\/api.w.org\/{rel}","templated":true}]}}