{"id":2,"date":"2017-11-01T10:17:58","date_gmt":"2017-11-01T10:17:58","guid":{"rendered":"https:\/\/cardaklije.com\/en\/?page_id=2"},"modified":"2025-11-07T20:52:41","modified_gmt":"2025-11-07T20:52:41","slug":"home","status":"publish","type":"page","link":"https:\/\/cardaklije.com\/en\/","title":{"rendered":"Home"},"content":{"rendered":"\t\t<div data-elementor-type=\"wp-page\" data-elementor-id=\"2\" class=\"elementor elementor-2\" data-elementor-post-type=\"page\">\n\t\t\t\t\t\t<section class=\"elementor-section elementor-top-section elementor-element elementor-element-29cda63 elementor-section-height-full elementor-section-content-middle elementor-section-boxed elementor-section-height-default elementor-section-items-middle\" data-id=\"29cda63\" data-element_type=\"section\" data-settings=\"{&quot;background_background&quot;:&quot;video&quot;,&quot;background_video_link&quot;:&quot;https:\\\/\\\/www.youtube.com\\\/watch?v=ho6iRZn4Adc&quot;,&quot;background_play_on_mobile&quot;:&quot;yes&quot;}\">\n\t\t\t\t\t\t\t\t<div class=\"elementor-background-video-container\" aria-hidden=\"true\">\n\t\t\t\t\t\t\t\t\t\t\t\t\t<div class=\"elementor-background-video-embed\"><\/div>\n\t\t\t\t\t\t\t\t\t\t\t\t<\/div>\n\t\t\t\t\t\t\t\t<div class=\"elementor-container elementor-column-gap-custom\">\n\t\t\t\t\t<div class=\"elementor-column elementor-col-100 elementor-top-column elementor-element elementor-element-f801091\" data-id=\"f801091\" data-element_type=\"column\">\n\t\t\t<div class=\"elementor-widget-wrap elementor-element-populated\">\n\t\t\t\t\t\t<div class=\"elementor-element elementor-element-5c6c711 elementor-widget-mobile__width-initial elementor-widget elementor-widget-heading\" data-id=\"5c6c711\" data-element_type=\"widget\" data-widget_type=\"heading.default\">\n\t\t\t\t<div class=\"elementor-widget-container\">\n\t\t\t\t\t<h1 class=\"elementor-heading-title elementor-size-default\">\u010cARDAKLIJE<\/h1>\t\t\t\t<\/div>\n\t\t\t\t<\/div>\n\t\t\t\t<div class=\"elementor-element elementor-element-9f5d867 elementor-widget elementor-widget-heading\" data-id=\"9f5d867\" data-element_type=\"widget\" data-widget_type=\"heading.default\">\n\t\t\t\t<div class=\"elementor-widget-container\">\n\t\t\t\t\t<h2 class=\"elementor-heading-title elementor-size-default\">ETHNO VILLAGE<\/h2>\t\t\t\t<\/div>\n\t\t\t\t<\/div>\n\t\t\t\t\t<\/div>\n\t\t<\/div>\n\t\t\t\t\t<\/div>\n\t\t<\/section>\n\t\t\t\t<section class=\"elementor-section elementor-top-section elementor-element elementor-element-833125e elementor-section-stretched elementor-section-full_width elementor-section-height-default elementor-section-height-default\" data-id=\"833125e\" data-element_type=\"section\" data-settings=\"{&quot;stretch_section&quot;:&quot;section-stretched&quot;,&quot;background_background&quot;:&quot;classic&quot;}\">\n\t\t\t\t\t\t<div class=\"elementor-container elementor-column-gap-default\">\n\t\t\t\t\t<div class=\"elementor-column elementor-col-100 elementor-top-column elementor-element elementor-element-4014255\" data-id=\"4014255\" data-element_type=\"column\">\n\t\t\t<div class=\"elementor-widget-wrap elementor-element-populated\">\n\t\t\t\t\t\t<div class=\"elementor-element elementor-element-88f4509 elementor-widget elementor-widget-heading\" data-id=\"88f4509\" data-element_type=\"widget\" data-widget_type=\"heading.default\">\n\t\t\t\t<div class=\"elementor-widget-container\">\n\t\t\t\t\t<h1 class=\"elementor-heading-title elementor-size-default\">Ethno Village \u010cARDAKLIJE<\/h1>\t\t\t\t<\/div>\n\t\t\t\t<\/div>\n\t\t\t\t<div class=\"elementor-element elementor-element-35af65f elementor-widget elementor-widget-text-editor\" data-id=\"35af65f\" data-element_type=\"widget\" data-widget_type=\"text-editor.default\">\n\t\t\t\t<div class=\"elementor-widget-container\">\n\t\t\t\t\t\t\t\t\t<p>&#8220;\u010cardaklije&#8221; is located close to Bosanski Petrovac, in the village of Vrto\u010de.<br \/>\u010cardaklije is in an ideal location &#8211; 12km (7.5 miles) from the National Park, Una, 2 hours from the Adriatic Sea and 70km (44 miles) from Plitvica Lakes.<br \/>Today in \u010cardaklije we are still working and living as our ancestors, the family Rado\u0161evi\u0107, did 150 years ago<\/p>\t\t\t\t\t\t\t\t<\/div>\n\t\t\t\t<\/div>\n\t\t\t\t<div class=\"elementor-element elementor-element-5acdf1c elementor-align-center elementor-widget elementor-widget-button\" data-id=\"5acdf1c\" data-element_type=\"widget\" data-widget_type=\"button.default\">\n\t\t\t\t<div class=\"elementor-widget-container\">\n\t\t\t\t\t\t\t\t\t<div class=\"elementor-button-wrapper\">\n\t\t\t\t\t<a class=\"elementor-button elementor-button-link elementor-size-sm\" href=\"https:\/\/cardaklije.com\/en\/ethno-village-cardaklije\/\">\n\t\t\t\t\t\t<span class=\"elementor-button-content-wrapper\">\n\t\t\t\t\t\t\t\t\t<span class=\"elementor-button-text\">Read the whole story <\/span>\n\t\t\t\t\t<\/span>\n\t\t\t\t\t<\/a>\n\t\t\t\t<\/div>\n\t\t\t\t\t\t\t\t<\/div>\n\t\t\t\t<\/div>\n\t\t\t\t\t<\/div>\n\t\t<\/div>\n\t\t\t\t\t<\/div>\n\t\t<\/section>\n\t\t\t\t<section class=\"elementor-section elementor-top-section elementor-element elementor-element-2d7ad8a elementor-section-stretched elementor-section-full_width elementor-section-height-default elementor-section-height-default\" data-id=\"2d7ad8a\" data-element_type=\"section\" data-settings=\"{&quot;stretch_section&quot;:&quot;section-stretched&quot;,&quot;background_background&quot;:&quot;classic&quot;}\">\n\t\t\t\t\t\t<div class=\"elementor-container elementor-column-gap-default\">\n\t\t\t\t\t<div class=\"elementor-column elementor-col-50 elementor-top-column elementor-element elementor-element-80cf46f\" data-id=\"80cf46f\" data-element_type=\"column\" data-settings=\"{&quot;background_background&quot;:&quot;classic&quot;}\">\n\t\t\t<div class=\"elementor-widget-wrap elementor-element-populated\">\n\t\t\t\t\t<div class=\"elementor-background-overlay\"><\/div>\n\t\t\t\t\t\t<div class=\"elementor-element elementor-element-ba938a2 elementor-widget elementor-widget-spacer\" data-id=\"ba938a2\" data-element_type=\"widget\" data-widget_type=\"spacer.default\">\n\t\t\t\t<div class=\"elementor-widget-container\">\n\t\t\t\t\t\t\t<div class=\"elementor-spacer\">\n\t\t\t<div class=\"elementor-spacer-inner\"><\/div>\n\t\t<\/div>\n\t\t\t\t\t\t<\/div>\n\t\t\t\t<\/div>\n\t\t\t\t<div class=\"elementor-element elementor-element-9130d35 elementor-widget elementor-widget-heading\" data-id=\"9130d35\" data-element_type=\"widget\" data-widget_type=\"heading.default\">\n\t\t\t\t<div class=\"elementor-widget-container\">\n\t\t\t\t\t<h4 class=\"elementor-heading-title elementor-size-default\">HOMEMADE\nFOOD<\/h4>\t\t\t\t<\/div>\n\t\t\t\t<\/div>\n\t\t\t\t<div class=\"elementor-element elementor-element-f3a535b elementor-widget elementor-widget-text-editor\" data-id=\"f3a535b\" data-element_type=\"widget\" data-widget_type=\"text-editor.default\">\n\t\t\t\t<div class=\"elementor-widget-container\">\n\t\t\t\t\t\t\t\t\t<p>On warm, sunny days, in the atmosphere of oak woods, in a grassy coppice by a brick fire is the ideal place for EATING, entertaining and conversation in the shade &#8230;<\/p>\t\t\t\t\t\t\t\t<\/div>\n\t\t\t\t<\/div>\n\t\t\t\t<div class=\"elementor-element elementor-element-30deaea elementor-align-center elementor-widget elementor-widget-button\" data-id=\"30deaea\" data-element_type=\"widget\" data-widget_type=\"button.default\">\n\t\t\t\t<div class=\"elementor-widget-container\">\n\t\t\t\t\t\t\t\t\t<div class=\"elementor-button-wrapper\">\n\t\t\t\t\t<a class=\"elementor-button elementor-button-link elementor-size-sm\" href=\"https:\/\/cardaklije.com\/en\/menu-cardaklije\/\">\n\t\t\t\t\t\t<span class=\"elementor-button-content-wrapper\">\n\t\t\t\t\t\t\t\t\t<span class=\"elementor-button-text\">More<\/span>\n\t\t\t\t\t<\/span>\n\t\t\t\t\t<\/a>\n\t\t\t\t<\/div>\n\t\t\t\t\t\t\t\t<\/div>\n\t\t\t\t<\/div>\n\t\t\t\t<div class=\"elementor-element elementor-element-d51c862 elementor-widget elementor-widget-spacer\" data-id=\"d51c862\" data-element_type=\"widget\" data-widget_type=\"spacer.default\">\n\t\t\t\t<div class=\"elementor-widget-container\">\n\t\t\t\t\t\t\t<div class=\"elementor-spacer\">\n\t\t\t<div class=\"elementor-spacer-inner\"><\/div>\n\t\t<\/div>\n\t\t\t\t\t\t<\/div>\n\t\t\t\t<\/div>\n\t\t\t\t\t<\/div>\n\t\t<\/div>\n\t\t\t\t<div class=\"elementor-column elementor-col-50 elementor-top-column elementor-element elementor-element-f1b8582\" data-id=\"f1b8582\" data-element_type=\"column\" data-settings=\"{&quot;background_background&quot;:&quot;classic&quot;}\">\n\t\t\t<div class=\"elementor-widget-wrap elementor-element-populated\">\n\t\t\t\t\t<div class=\"elementor-background-overlay\"><\/div>\n\t\t\t\t\t\t<div class=\"elementor-element elementor-element-abc5231 elementor-widget elementor-widget-spacer\" data-id=\"abc5231\" data-element_type=\"widget\" data-widget_type=\"spacer.default\">\n\t\t\t\t<div class=\"elementor-widget-container\">\n\t\t\t\t\t\t\t<div class=\"elementor-spacer\">\n\t\t\t<div class=\"elementor-spacer-inner\"><\/div>\n\t\t<\/div>\n\t\t\t\t\t\t<\/div>\n\t\t\t\t<\/div>\n\t\t\t\t<div class=\"elementor-element elementor-element-b70c57d elementor-widget elementor-widget-heading\" data-id=\"b70c57d\" data-element_type=\"widget\" data-widget_type=\"heading.default\">\n\t\t\t\t<div class=\"elementor-widget-container\">\n\t\t\t\t\t<h4 class=\"elementor-heading-title elementor-size-default\">ACCOMMODATION AND tOUR<\/h4>\t\t\t\t<\/div>\n\t\t\t\t<\/div>\n\t\t\t\t<div class=\"elementor-element elementor-element-ca063da elementor-widget elementor-widget-text-editor\" data-id=\"ca063da\" data-element_type=\"widget\" data-widget_type=\"text-editor.default\">\n\t\t\t\t<div class=\"elementor-widget-container\">\n\t\t\t\t\t\t\t\t\t<p>Click here to book accommodation and experiences directly.<\/p>\t\t\t\t\t\t\t\t<\/div>\n\t\t\t\t<\/div>\n\t\t\t\t<div class=\"elementor-element elementor-element-b173259 elementor-align-center elementor-widget elementor-widget-button\" data-id=\"b173259\" data-element_type=\"widget\" data-widget_type=\"button.default\">\n\t\t\t\t<div class=\"elementor-widget-container\">\n\t\t\t\t\t\t\t\t\t<div class=\"elementor-button-wrapper\">\n\t\t\t\t\t<a class=\"elementor-button elementor-button-link elementor-size-sm\" href=\"https:\/\/cardaklije.com\/en\/accommodation-and-tours\/\">\n\t\t\t\t\t\t<span class=\"elementor-button-content-wrapper\">\n\t\t\t\t\t\t\t\t\t<span class=\"elementor-button-text\">Book now<\/span>\n\t\t\t\t\t<\/span>\n\t\t\t\t\t<\/a>\n\t\t\t\t<\/div>\n\t\t\t\t\t\t\t\t<\/div>\n\t\t\t\t<\/div>\n\t\t\t\t<div class=\"elementor-element elementor-element-bb17df8 elementor-widget elementor-widget-spacer\" data-id=\"bb17df8\" data-element_type=\"widget\" data-widget_type=\"spacer.default\">\n\t\t\t\t<div class=\"elementor-widget-container\">\n\t\t\t\t\t\t\t<div class=\"elementor-spacer\">\n\t\t\t<div class=\"elementor-spacer-inner\"><\/div>\n\t\t<\/div>\n\t\t\t\t\t\t<\/div>\n\t\t\t\t<\/div>\n\t\t\t\t\t<\/div>\n\t\t<\/div>\n\t\t\t\t\t<\/div>\n\t\t<\/section>\n\t\t\t\t<section class=\"elementor-section elementor-top-section elementor-element elementor-element-1c17349 elementor-section-boxed elementor-section-height-default elementor-section-height-default\" data-id=\"1c17349\" data-element_type=\"section\" data-settings=\"{&quot;background_background&quot;:&quot;classic&quot;}\">\n\t\t\t\t\t\t<div class=\"elementor-container elementor-column-gap-default\">\n\t\t\t\t\t<div class=\"elementor-column elementor-col-100 elementor-top-column elementor-element elementor-element-a24982c\" data-id=\"a24982c\" data-element_type=\"column\">\n\t\t\t<div class=\"elementor-widget-wrap elementor-element-populated\">\n\t\t\t\t\t\t<div class=\"elementor-element elementor-element-ec56bca elementor-widget elementor-widget-heading\" data-id=\"ec56bca\" data-element_type=\"widget\" data-widget_type=\"heading.default\">\n\t\t\t\t<div class=\"elementor-widget-container\">\n\t\t\t\t\t<h2 class=\"elementor-heading-title elementor-size-default\">Prizes and awards<\/h2>\t\t\t\t<\/div>\n\t\t\t\t<\/div>\n\t\t\t\t\t<\/div>\n\t\t<\/div>\n\t\t\t\t\t<\/div>\n\t\t<\/section>\n\t\t\t\t<section class=\"elementor-section elementor-top-section elementor-element elementor-element-bb95c4d elementor-section-boxed elementor-section-height-default elementor-section-height-default\" data-id=\"bb95c4d\" data-element_type=\"section\" data-settings=\"{&quot;background_background&quot;:&quot;classic&quot;}\">\n\t\t\t\t\t\t<div class=\"elementor-container elementor-column-gap-default\">\n\t\t\t\t\t<div class=\"elementor-column elementor-col-33 elementor-top-column elementor-element elementor-element-993fad2\" data-id=\"993fad2\" data-element_type=\"column\">\n\t\t\t<div class=\"elementor-widget-wrap elementor-element-populated\">\n\t\t\t\t\t\t<div class=\"elementor-element elementor-element-533d20e elementor-widget elementor-widget-text-editor\" data-id=\"533d20e\" data-element_type=\"widget\" data-widget_type=\"text-editor.default\">\n\t\t\t\t<div class=\"elementor-widget-container\">\n\t\t\t\t\t\t\t\t\t<p style=\"text-align: center;\">Booking.com<\/p>\t\t\t\t\t\t\t\t<\/div>\n\t\t\t\t<\/div>\n\t\t\t\t<div class=\"elementor-element elementor-element-8d51c28 booking-container-1 elementor-widget elementor-widget-html\" data-id=\"8d51c28\" data-element_type=\"widget\" data-widget_type=\"html.default\">\n\t\t\t\t<div class=\"elementor-widget-container\">\n\t\t\t\t\t<script async src=\"https:\/\/badge.hotelstatic.com\/embed.js\" data-url=\"https:\/\/www.booking.com\/hotel\/ba\/seosko-domacinstvo-quot-cardaklije-quot.html\" data-size=\"130\" data-position=\"inline\" data-clickable=\"true\" style=\"display:block;margin: 0 auto;\"><\/script>\t\t\t\t<\/div>\n\t\t\t\t<\/div>\n\t\t\t\t\t<\/div>\n\t\t<\/div>\n\t\t\t\t<div class=\"elementor-column elementor-col-33 elementor-top-column elementor-element elementor-element-42bb193\" data-id=\"42bb193\" data-element_type=\"column\">\n\t\t\t<div class=\"elementor-widget-wrap elementor-element-populated\">\n\t\t\t\t\t\t<div class=\"elementor-element elementor-element-b3f749e elementor-widget elementor-widget-text-editor\" data-id=\"b3f749e\" data-element_type=\"widget\" data-widget_type=\"text-editor.default\">\n\t\t\t\t<div class=\"elementor-widget-container\">\n\t\t\t\t\t\t\t\t\t<p style=\"text-align: center;\">\u00a0Restaurant Guru<\/p>\t\t\t\t\t\t\t\t<\/div>\n\t\t\t\t<\/div>\n\t\t\t\t<div class=\"elementor-element elementor-element-c0f53cc elementor-widget elementor-widget-text-editor\" data-id=\"c0f53cc\" data-element_type=\"widget\" data-widget_type=\"text-editor.default\">\n\t\t\t\t<div class=\"elementor-widget-container\">\n\t\t\t\t\t\t\t\t\t<link href=\"https:\/\/awards.infcdn.net\/circle_v2.css\" rel=\"stylesheet\"\/><div id=\"circle_v2\" onclick=\"if(event.target.nodeName.toLowerCase() != 'a') {window.open(this.querySelector('.sq_center').href);return 0;}\"> <div class=\"arc-heading \"> <svg xmlns=\"http:\/\/www.w3.org\/2000\/svg\" xmlns:xlink=\"http:\/\/www.w3.org\/1999\/xlink\" width=\"160px\" height=\"160px\" viewBox=\"0 0 160 160\"> <defs> <path id=\"heading-arc\" d=\"M 30 80 a 50 50 0 1 1 100 0\"><\/path> <\/defs> <text class=\"arc-heading__heading \" fill=\"#000\" text-anchor=\"middle\"> <textPath startOffset=\"50%\" xlink:href=\"#heading-arc\">Recommended<\/textPath> <\/text> <\/svg> <\/div> <div class=\"sq_year\">2021<\/div> <a href=\"https:\/\/restaurantguru.com\/Cardaklije-Vrtoce-Federation-of-Bosnia-and-Herzegovina\" class=\"sq_center f14\" target=\"_blank\">Vrtoce &#8211; Cardaklije<\/a> <div class=\"arc-heading arc-heading__bottom\"> <svg xmlns=\"http:\/\/www.w3.org\/2000\/svg\" xmlns:xlink=\"http:\/\/www.w3.org\/1999\/xlink\" width=\"120px\" height=\"120px\" viewBox=\"0 0 120 120\"> <defs> <path id=\"subheading-arc\" d=\"M 12 60 a 48 48 0 0 0 96 0\"><\/path> <\/defs> <text class=\"arc-heading__subheading\" fill=\"#000\" text-anchor=\"middle\"> <textPath startOffset=\"50%\" xlink:href=\"#subheading-arc\"><a href=\"https:\/\/restaurantguru.com\" target=\"_blank\">Restaurant Guru<\/a><\/textPath> <\/text> <\/svg> <\/div><\/div>\t\t\t\t\t\t\t\t<\/div>\n\t\t\t\t<\/div>\n\t\t\t\t\t<\/div>\n\t\t<\/div>\n\t\t\t\t<div class=\"elementor-column elementor-col-33 elementor-top-column elementor-element elementor-element-a4ef75a\" data-id=\"a4ef75a\" data-element_type=\"column\">\n\t\t\t<div class=\"elementor-widget-wrap elementor-element-populated\">\n\t\t\t\t\t\t<div class=\"elementor-element elementor-element-eae6531 elementor-widget elementor-widget-text-editor\" data-id=\"eae6531\" data-element_type=\"widget\" data-widget_type=\"text-editor.default\">\n\t\t\t\t<div class=\"elementor-widget-container\">\n\t\t\t\t\t\t\t\t\t<p style=\"text-align: center;\">Travelmyth<\/p>\t\t\t\t\t\t\t\t<\/div>\n\t\t\t\t<\/div>\n\t\t\t\t<div class=\"elementor-element elementor-element-8d5df98 elementor-widget elementor-widget-html\" data-id=\"8d5df98\" data-element_type=\"widget\" data-widget_type=\"html.default\">\n\t\t\t\t<div class=\"elementor-widget-container\">\n\t\t\t\t\t<div style=\"text-align: center;\">\n    <a href=\"https:\/\/www.travelmyth.com\/Kulen-Vakuf\/Hotels\/free_wifi\" target=\"_blank\"> \n  \n  <img decoding=\"async\" src=\"https:\/\/photos.travelmyth.com\/awards\/5342\/travelmyth_534216_bZ3c_r_in-the-world_free_wifi_p0_y0_24a4_en_web.png\" target=\"_blank\" width=\"160\" border=\"0\" alt=\"hotels Una Sana\"> \n\n<\/a>\n<\/div>\t\t\t\t<\/div>\n\t\t\t\t<\/div>\n\t\t\t\t\t<\/div>\n\t\t<\/div>\n\t\t\t\t\t<\/div>\n\t\t<\/section>\n\t\t\t\t<\/div>\n\t\t","protected":false},"excerpt":{"rendered":"<p>\u010cARDAKLIJE ETHNO VILLAGE Ethno Village \u010cARDAKLIJE &#8220;\u010cardaklije&#8221; is located close to Bosanski Petrovac, in the village of Vrto\u010de.\u010cardaklije is in an ideal location &#8211; 12km (7.5 miles) from the National Park, Una, 2 hours from the Adriatic Sea and 70km (44 miles) from Plitvica Lakes.Today in \u010cardaklije we are still working and living as our [&hellip;]<\/p>\n","protected":false},"author":1,"featured_media":0,"parent":0,"menu_order":0,"comment_status":"closed","ping_status":"open","template":"elementor_header_footer","meta":{"footnotes":""},"class_list":["post-2","page","type-page","status-publish","hentry"],"yoast_head":"<!-- This site is optimized with the Yoast SEO plugin v26.2 - https:\/\/yoast.com\/wordpress\/plugins\/seo\/ -->\n<title>Home - Cardaklije<\/title>\n<meta name=\"robots\" content=\"index, follow, max-snippet:-1, max-image-preview:large, max-video-preview:-1\" \/>\n<link rel=\"canonical\" href=\"https:\/\/cardaklije.com\/en\/\" \/>\n<meta property=\"og:locale\" content=\"en_US\" \/>\n<meta property=\"og:type\" content=\"article\" \/>\n<meta property=\"og:title\" content=\"Home - Cardaklije\" \/>\n<meta property=\"og:description\" content=\"\u010cARDAKLIJE ETHNO VILLAGE Ethno Village \u010cARDAKLIJE &#8220;\u010cardaklije&#8221; is located close to Bosanski Petrovac, in the village of Vrto\u010de.\u010cardaklije is in an ideal location &#8211; 12km (7.5 miles) from the National Park, Una, 2 hours from the Adriatic Sea and 70km (44 miles) from Plitvica Lakes.Today in \u010cardaklije we are still working and living as our [&hellip;]\" \/>\n<meta property=\"og:url\" content=\"https:\/\/cardaklije.com\/en\/\" \/>\n<meta property=\"og:site_name\" content=\"Cardaklije\" \/>\n<meta property=\"article:modified_time\" content=\"2025-11-07T20:52:41+00:00\" \/>\n<meta property=\"og:image\" content=\"https:\/\/cardaklije.com\/en\/wp-content\/uploads\/sites\/2\/2014\/04\/DSCF4460.cardaklije.jpg\" \/>\n\t<meta property=\"og:image:width\" content=\"1024\" \/>\n\t<meta property=\"og:image:height\" content=\"577\" \/>\n\t<meta property=\"og:image:type\" content=\"image\/jpeg\" \/>\n<meta name=\"twitter:card\" content=\"summary_large_image\" \/>\n<meta name=\"twitter:label1\" content=\"Est. reading time\" \/>\n\t<meta name=\"twitter:data1\" content=\"2 minutes\" \/>\n<script type=\"application\/ld+json\" class=\"yoast-schema-graph\">{\"@context\":\"https:\/\/schema.org\",\"@graph\":[{\"@type\":\"WebPage\",\"@id\":\"https:\/\/cardaklije.com\/en\/\",\"url\":\"https:\/\/cardaklije.com\/en\/\",\"name\":\"Home - Cardaklije\",\"isPartOf\":{\"@id\":\"https:\/\/cardaklije.com\/en\/#website\"},\"primaryImageOfPage\":{\"@id\":\"https:\/\/cardaklije.com\/en\/#primaryimage\"},\"image\":{\"@id\":\"https:\/\/cardaklije.com\/en\/#primaryimage\"},\"thumbnailUrl\":\"https:\/\/photos.travelmyth.com\/awards\/5342\/travelmyth_534216_bZ3c_r_in-the-world_free_wifi_p0_y0_24a4_en_web.png\",\"datePublished\":\"2017-11-01T10:17:58+00:00\",\"dateModified\":\"2025-11-07T20:52:41+00:00\",\"breadcrumb\":{\"@id\":\"https:\/\/cardaklije.com\/en\/#breadcrumb\"},\"inLanguage\":\"en-US\",\"potentialAction\":[{\"@type\":\"ReadAction\",\"target\":[\"https:\/\/cardaklije.com\/en\/\"]}]},{\"@type\":\"ImageObject\",\"inLanguage\":\"en-US\",\"@id\":\"https:\/\/cardaklije.com\/en\/#primaryimage\",\"url\":\"https:\/\/photos.travelmyth.com\/awards\/5342\/travelmyth_534216_bZ3c_r_in-the-world_free_wifi_p0_y0_24a4_en_web.png\",\"contentUrl\":\"https:\/\/photos.travelmyth.com\/awards\/5342\/travelmyth_534216_bZ3c_r_in-the-world_free_wifi_p0_y0_24a4_en_web.png\"},{\"@type\":\"BreadcrumbList\",\"@id\":\"https:\/\/cardaklije.com\/en\/#breadcrumb\",\"itemListElement\":[{\"@type\":\"ListItem\",\"position\":1,\"name\":\"Home\",\"item\":\"https:\/\/cardaklije.com\/en\/\"},{\"@type\":\"ListItem\",\"position\":2,\"name\":\"Home\"}]},{\"@type\":\"WebSite\",\"@id\":\"https:\/\/cardaklije.com\/en\/#website\",\"url\":\"https:\/\/cardaklije.com\/en\/\",\"name\":\"Cardaklije\",\"description\":\"ETHNO VILLAGE Bosnia and Herzegovina\",\"publisher\":{\"@id\":\"https:\/\/cardaklije.com\/en\/#organization\"},\"potentialAction\":[{\"@type\":\"SearchAction\",\"target\":{\"@type\":\"EntryPoint\",\"urlTemplate\":\"https:\/\/cardaklije.com\/en\/?s={search_term_string}\"},\"query-input\":{\"@type\":\"PropertyValueSpecification\",\"valueRequired\":true,\"valueName\":\"search_term_string\"}}],\"inLanguage\":\"en-US\"},{\"@type\":\"Organization\",\"@id\":\"https:\/\/cardaklije.com\/en\/#organization\",\"name\":\"Cardaklije\",\"url\":\"https:\/\/cardaklije.com\/en\/\",\"logo\":{\"@type\":\"ImageObject\",\"inLanguage\":\"en-US\",\"@id\":\"https:\/\/cardaklije.com\/en\/#\/schema\/logo\/image\/\",\"url\":\"https:\/\/cardaklije.com\/en\/wp-content\/uploads\/sites\/2\/2022\/02\/cropped-cardaklije_logo.png\",\"contentUrl\":\"https:\/\/cardaklije.com\/en\/wp-content\/uploads\/sites\/2\/2022\/02\/cropped-cardaklije_logo.png\",\"width\":882,\"height\":498,\"caption\":\"Cardaklije\"},\"image\":{\"@id\":\"https:\/\/cardaklije.com\/en\/#\/schema\/logo\/image\/\"}}]}<\/script>\n<!-- \/ Yoast SEO plugin. -->","yoast_head_json":{"title":"Home - Cardaklije","robots":{"index":"index","follow":"follow","max-snippet":"max-snippet:-1","max-image-preview":"max-image-preview:large","max-video-preview":"max-video-preview:-1"},"canonical":"https:\/\/cardaklije.com\/en\/","og_locale":"en_US","og_type":"article","og_title":"Home - Cardaklije","og_description":"\u010cARDAKLIJE ETHNO VILLAGE Ethno Village \u010cARDAKLIJE &#8220;\u010cardaklije&#8221; is located close to Bosanski Petrovac, in the village of Vrto\u010de.\u010cardaklije is in an ideal location &#8211; 12km (7.5 miles) from the National Park, Una, 2 hours from the Adriatic Sea and 70km (44 miles) from Plitvica Lakes.Today in \u010cardaklije we are still working and living as our [&hellip;]","og_url":"https:\/\/cardaklije.com\/en\/","og_site_name":"Cardaklije","article_modified_time":"2025-11-07T20:52:41+00:00","og_image":[{"width":1024,"height":577,"url":"https:\/\/cardaklije.com\/en\/wp-content\/uploads\/sites\/2\/2014\/04\/DSCF4460.cardaklije.jpg","type":"image\/jpeg"}],"twitter_card":"summary_large_image","twitter_misc":{"Est. reading time":"2 minutes"},"schema":{"@context":"https:\/\/schema.org","@graph":[{"@type":"WebPage","@id":"https:\/\/cardaklije.com\/en\/","url":"https:\/\/cardaklije.com\/en\/","name":"Home - Cardaklije","isPartOf":{"@id":"https:\/\/cardaklije.com\/en\/#website"},"primaryImageOfPage":{"@id":"https:\/\/cardaklije.com\/en\/#primaryimage"},"image":{"@id":"https:\/\/cardaklije.com\/en\/#primaryimage"},"thumbnailUrl":"https:\/\/photos.travelmyth.com\/awards\/5342\/travelmyth_534216_bZ3c_r_in-the-world_free_wifi_p0_y0_24a4_en_web.png","datePublished":"2017-11-01T10:17:58+00:00","dateModified":"2025-11-07T20:52:41+00:00","breadcrumb":{"@id":"https:\/\/cardaklije.com\/en\/#breadcrumb"},"inLanguage":"en-US","potentialAction":[{"@type":"ReadAction","target":["https:\/\/cardaklije.com\/en\/"]}]},{"@type":"ImageObject","inLanguage":"en-US","@id":"https:\/\/cardaklije.com\/en\/#primaryimage","url":"https:\/\/photos.travelmyth.com\/awards\/5342\/travelmyth_534216_bZ3c_r_in-the-world_free_wifi_p0_y0_24a4_en_web.png","contentUrl":"https:\/\/photos.travelmyth.com\/awards\/5342\/travelmyth_534216_bZ3c_r_in-the-world_free_wifi_p0_y0_24a4_en_web.png"},{"@type":"BreadcrumbList","@id":"https:\/\/cardaklije.com\/en\/#breadcrumb","itemListElement":[{"@type":"ListItem","position":1,"name":"Home","item":"https:\/\/cardaklije.com\/en\/"},{"@type":"ListItem","position":2,"name":"Home"}]},{"@type":"WebSite","@id":"https:\/\/cardaklije.com\/en\/#website","url":"https:\/\/cardaklije.com\/en\/","name":"Cardaklije","description":"ETHNO VILLAGE Bosnia and Herzegovina","publisher":{"@id":"https:\/\/cardaklije.com\/en\/#organization"},"potentialAction":[{"@type":"SearchAction","target":{"@type":"EntryPoint","urlTemplate":"https:\/\/cardaklije.com\/en\/?s={search_term_string}"},"query-input":{"@type":"PropertyValueSpecification","valueRequired":true,"valueName":"search_term_string"}}],"inLanguage":"en-US"},{"@type":"Organization","@id":"https:\/\/cardaklije.com\/en\/#organization","name":"Cardaklije","url":"https:\/\/cardaklije.com\/en\/","logo":{"@type":"ImageObject","inLanguage":"en-US","@id":"https:\/\/cardaklije.com\/en\/#\/schema\/logo\/image\/","url":"https:\/\/cardaklije.com\/en\/wp-content\/uploads\/sites\/2\/2022\/02\/cropped-cardaklije_logo.png","contentUrl":"https:\/\/cardaklije.com\/en\/wp-content\/uploads\/sites\/2\/2022\/02\/cropped-cardaklije_logo.png","width":882,"height":498,"caption":"Cardaklije"},"image":{"@id":"https:\/\/cardaklije.com\/en\/#\/schema\/logo\/image\/"}}]}},"_links":{"self":[{"href":"https:\/\/cardaklije.com\/en\/wp-json\/wp\/v2\/pages\/2","targetHints":{"allow":["GET"]}}],"collection":[{"href":"https:\/\/cardaklije.com\/en\/wp-json\/wp\/v2\/pages"}],"about":[{"href":"https:\/\/cardaklije.com\/en\/wp-json\/wp\/v2\/types\/page"}],"author":[{"embeddable":true,"href":"https:\/\/cardaklije.com\/en\/wp-json\/wp\/v2\/users\/1"}],"replies":[{"embeddable":true,"href":"https:\/\/cardaklije.com\/en\/wp-json\/wp\/v2\/comments?post=2"}],"version-history":[{"count":82,"href":"https:\/\/cardaklije.com\/en\/wp-json\/wp\/v2\/pages\/2\/revisions"}],"predecessor-version":[{"id":2118,"href":"https:\/\/cardaklije.com\/en\/wp-json\/wp\/v2\/pages\/2\/revisions\/2118"}],"wp:attachment":[{"href":"https:\/\/cardaklije.com\/en\/wp-json\/wp\/v2\/media?parent=2"}],"curies":[{"name":"wp","href":"https:\/\/api.w.org\/{rel}","templated":true}]}}