{"id":13,"date":"2012-11-26T13:57:58","date_gmt":"2012-11-26T13:57:58","guid":{"rendered":"https:\/\/cardaklije.com\/?page_id=13"},"modified":"2022-02-10T14:55:06","modified_gmt":"2022-02-10T14:55:06","slug":"ethno-village-cardaklije","status":"publish","type":"page","link":"https:\/\/cardaklije.com\/en\/ethno-village-cardaklije\/","title":{"rendered":"Ethno Village \u010cardaklije"},"content":{"rendered":"\t\t<div data-elementor-type=\"wp-page\" data-elementor-id=\"13\" class=\"elementor elementor-13\" data-elementor-post-type=\"page\">\n\t\t\t\t\t\t<section class=\"elementor-section elementor-top-section elementor-element elementor-element-39b594e elementor-section-boxed elementor-section-height-default elementor-section-height-default\" data-id=\"39b594e\" data-element_type=\"section\">\n\t\t\t\t\t\t<div class=\"elementor-container elementor-column-gap-default\">\n\t\t\t\t\t<div class=\"elementor-column elementor-col-50 elementor-top-column elementor-element elementor-element-e8ee40f\" data-id=\"e8ee40f\" data-element_type=\"column\">\n\t\t\t<div class=\"elementor-widget-wrap elementor-element-populated\">\n\t\t\t\t\t\t<div class=\"elementor-element elementor-element-1a6074d elementor-widget elementor-widget-heading\" data-id=\"1a6074d\" data-element_type=\"widget\" data-widget_type=\"heading.default\">\n\t\t\t\t<div class=\"elementor-widget-container\">\n\t\t\t\t\t<h1 class=\"elementor-heading-title elementor-size-default\">Ethno Village \u010cARDAKLIJE<\/h1>\t\t\t\t<\/div>\n\t\t\t\t<\/div>\n\t\t\t\t<div class=\"elementor-element elementor-element-a342535 elementor-widget elementor-widget-text-editor\" data-id=\"a342535\" data-element_type=\"widget\" data-widget_type=\"text-editor.default\">\n\t\t\t\t<div class=\"elementor-widget-container\">\n\t\t\t\t\t\t\t\t\t<p>Ethno village &#8220;\u010cardaklije&#8221; is located close to Bosanski Petrovac, in the village of Vrto\u010de.<\/p><p>\u010cardaklije is in an ideal location \u2013 30km (19 miles) from the major road Biha\u0107 to Sarajevo, 12km (7.5 miles) from the National Park, Una, 2 hours from the Adriatic Sea and 70km (44 miles) from Plitvica Lakes.<\/p>\t\t\t\t\t\t\t\t<\/div>\n\t\t\t\t<\/div>\n\t\t\t\t\t<\/div>\n\t\t<\/div>\n\t\t\t\t<div class=\"elementor-column elementor-col-50 elementor-top-column elementor-element elementor-element-d343a80\" data-id=\"d343a80\" data-element_type=\"column\">\n\t\t\t<div class=\"elementor-widget-wrap elementor-element-populated\">\n\t\t\t\t\t\t<div class=\"elementor-element elementor-element-f148bbc elementor-widget elementor-widget-image\" data-id=\"f148bbc\" data-element_type=\"widget\" data-widget_type=\"image.default\">\n\t\t\t\t<div class=\"elementor-widget-container\">\n\t\t\t\t\t\t\t\t\t\t\t\t\t\t\t<img fetchpriority=\"high\" decoding=\"async\" width=\"800\" height=\"466\" src=\"https:\/\/cardaklije.com\/en\/wp-content\/uploads\/sites\/2\/2014\/04\/cardaklije1-1024x596.jpg\" class=\"attachment-large size-large wp-image-551\" alt=\"Ethno Village \u010cARDAKLIJE\" srcset=\"https:\/\/cardaklije.com\/en\/wp-content\/uploads\/sites\/2\/2014\/04\/cardaklije1.jpg 1024w, https:\/\/cardaklije.com\/en\/wp-content\/uploads\/sites\/2\/2014\/04\/cardaklije1-300x175.jpg 300w, https:\/\/cardaklije.com\/en\/wp-content\/uploads\/sites\/2\/2014\/04\/cardaklije1-768x447.jpg 768w\" sizes=\"(max-width: 800px) 100vw, 800px\" \/>\t\t\t\t\t\t\t\t\t\t\t\t\t\t\t<\/div>\n\t\t\t\t<\/div>\n\t\t\t\t\t<\/div>\n\t\t<\/div>\n\t\t\t\t\t<\/div>\n\t\t<\/section>\n\t\t\t\t<section class=\"elementor-section elementor-top-section elementor-element elementor-element-6e6604c6 elementor-section-boxed elementor-section-height-default elementor-section-height-default\" data-id=\"6e6604c6\" data-element_type=\"section\">\n\t\t\t\t\t\t<div class=\"elementor-container elementor-column-gap-default\">\n\t\t\t\t\t<div class=\"elementor-column elementor-col-100 elementor-top-column elementor-element elementor-element-5607c21b\" data-id=\"5607c21b\" data-element_type=\"column\">\n\t\t\t<div class=\"elementor-widget-wrap elementor-element-populated\">\n\t\t\t\t\t\t<div class=\"elementor-element elementor-element-37d4746d elementor-widget elementor-widget-text-editor\" data-id=\"37d4746d\" data-element_type=\"widget\" data-widget_type=\"text-editor.default\">\n\t\t\t\t<div class=\"elementor-widget-container\">\n\t\t\t\t\t\t\t\t\t<p>\u00a0<\/p><p><span style=\"color: var( --e-global-color-text ); font-family: var( --e-global-typography-text-font-family ), Sans-serif; font-weight: var( --e-global-typography-text-font-weight ); font-size: 1rem;\">Today in \u010cardaklije we are still working and living as our ancestors did. Your experience can comprise of getting to know \u010cardak, the highest building on the property where meat and milk are prepared by traditional methods, to the Guest House, which is the central building of the village, containing our restaurant with 70 seating places and a garden that seats 200. Situated close by we have Bosnian houses where antique craftsmen&#8217;s tools are preserved, traditional jams and teas are prepared and finally there is a House of Fun for those who are lovers of a little tipple.<\/span><\/p><p>\u010cardaklije offers our guests a warm, natural atmosphere with traditional food and drink. For those who love an active break we offer horseriding or riding horse and carriages. Within the center we have a hall for educational and seminar purposes with a capacity for 50 persons. Close to the center is accommodation. These are traditional country homes comprised of apartments with 2 to 6 beds &#8230;<\/p><p>For some you will take a trip back to your childhood with the colour of dried rosehip tea, the odour of elderflower, the taste of plum jam all made by traditional recipes and for others this will be a truly unique experience. As your hosts, we are proud to have a beautiful natural environment that we cherish and want share with you.<\/p><h3>HISTORY OF \u010cARDAKLIJE<\/h3><p>The idea began with two brothers, Zoran and Zdravko Rado\u0161evi\u0107.<\/p><p>The surname, Rado\u0161evi\u0107i, goes back to the 14th Century and originate from Lika which is located under Velebit.<\/p><p>The tale starts this way &#8230;<\/p><p>A blind man got down from his blind horse under the southern slope of Grme\u010d. He stopped at a stream called Skakavac that runs down the cliff. They were ordered &#8220;Stop here, here we make our home.&#8221; At this place Rado\u0161evi\u0107i stayed for almost a century. They then moved to be scattered at the foot of the mountain and some over it.<\/p><p>In 1858 one of 3 brothers, named Ilija, moved away from his brothers. He built an unusual house, tall and elegant, that the inhabitants of the village called &#8220;\u010cardak&#8221; &#8220;Tower&#8221;, and the owners were named &#8220;\u010cardaklije&#8221; &#8220;People Of the Tower&#8221;. Ilija&#8217;s son, Nikola, nisam sigurna sto ovo zna\u0107i:<\/p><p>kada su davane tapije na posjed, za svoj \u010dardak je dobio broj 10.<\/p><p>One of Nikola&#8217;s sons, Vid, remained on the property. He was a farmer until his death. The house has since disappeared along with Ilija, Nikola, and great grandfather Vid but &#8220;\u010cardaklije&#8221; remain today in order to keep the tradition and way of life at the place where their ancestors from long ago were ordered to &#8220;Stop here, here we make our home&#8221;.<\/p><h3>\u010cARDAKLIJE TODAY<\/h3><p>Today in \u010cardaklije we are still working and living as our ancestors, the family Rado\u0161evi\u0107, did 150 years ago.<\/p><p>At our Ethno Village \u010cardaklije we offer the possibility to rest and enjoy traditional food and drink in anethnic atmosphere. Far from the hustle and bustle of city and town life, away from modern technology you can exchange everyday routines with rest and enjoyment in nature, listening to birdsong, the footsteps of horse hooves &#8230; Of course, for all who For those who love an active break we offer horseriding and driving horse and carriages, bikeriding on woodland paths and mountain hiking. &#8220;\u010cardaklije&#8221; offers getting to know old, traditional craftsmanship such as loom weaving, forging and spinning wool. Our goal is for you to have a truly unique experience of our traditional way of life and to promote the richness of our heritage in this area of the world.<\/p><p>Welcome to all our dear guests!<\/p><p><em>Your Ethno Village &#8220;\u010cardaklije&#8221; &#8211; &#8220;People of the Tower&#8221;<\/em><\/p>\t\t\t\t\t\t\t\t<\/div>\n\t\t\t\t<\/div>\n\t\t\t\t\t<\/div>\n\t\t<\/div>\n\t\t\t\t\t<\/div>\n\t\t<\/section>\n\t\t\t\t<\/div>\n\t\t","protected":false},"excerpt":{"rendered":"<p>Ethno Village \u010cARDAKLIJE Ethno village &#8220;\u010cardaklije&#8221; is located close to Bosanski Petrovac, in the village of Vrto\u010de. \u010cardaklije is in an ideal location \u2013 30km (19 miles) from the major road Biha\u0107 to Sarajevo, 12km (7.5 miles) from the National Park, Una, 2 hours from the Adriatic Sea and 70km (44 miles) from Plitvica Lakes. [&hellip;]<\/p>\n","protected":false},"author":1,"featured_media":0,"parent":0,"menu_order":1,"comment_status":"open","ping_status":"closed","template":"elementor_header_footer","meta":{"footnotes":""},"class_list":["post-13","page","type-page","status-publish","hentry"],"yoast_head":"<!-- This site is optimized with the Yoast SEO plugin v26.2 - https:\/\/yoast.com\/wordpress\/plugins\/seo\/ -->\n<title>Ethno Village \u010cardaklije - Cardaklije<\/title>\n<meta name=\"robots\" content=\"index, follow, max-snippet:-1, max-image-preview:large, max-video-preview:-1\" \/>\n<link rel=\"canonical\" href=\"https:\/\/cardaklije.com\/en\/ethno-village-cardaklije\/\" \/>\n<meta property=\"og:locale\" content=\"en_US\" \/>\n<meta property=\"og:type\" content=\"article\" \/>\n<meta property=\"og:title\" content=\"Ethno Village \u010cardaklije - Cardaklije\" \/>\n<meta property=\"og:description\" content=\"Ethno Village \u010cARDAKLIJE Ethno village &#8220;\u010cardaklije&#8221; is located close to Bosanski Petrovac, in the village of Vrto\u010de. \u010cardaklije is in an ideal location \u2013 30km (19 miles) from the major road Biha\u0107 to Sarajevo, 12km (7.5 miles) from the National Park, Una, 2 hours from the Adriatic Sea and 70km (44 miles) from Plitvica Lakes. [&hellip;]\" \/>\n<meta property=\"og:url\" content=\"https:\/\/cardaklije.com\/en\/ethno-village-cardaklije\/\" \/>\n<meta property=\"og:site_name\" content=\"Cardaklije\" \/>\n<meta property=\"article:modified_time\" content=\"2022-02-10T14:55:06+00:00\" \/>\n<meta property=\"og:image\" content=\"https:\/\/cardaklije.com\/en\/wp-content\/uploads\/sites\/2\/2014\/04\/cardaklije1-1024x596.jpg\" \/>\n<meta name=\"twitter:card\" content=\"summary_large_image\" \/>\n<meta name=\"twitter:label1\" content=\"Est. reading time\" \/>\n\t<meta name=\"twitter:data1\" content=\"3 minutes\" \/>\n<script type=\"application\/ld+json\" class=\"yoast-schema-graph\">{\"@context\":\"https:\/\/schema.org\",\"@graph\":[{\"@type\":\"WebPage\",\"@id\":\"https:\/\/cardaklije.com\/en\/ethno-village-cardaklije\/\",\"url\":\"https:\/\/cardaklije.com\/en\/ethno-village-cardaklije\/\",\"name\":\"Ethno Village \u010cardaklije - Cardaklije\",\"isPartOf\":{\"@id\":\"https:\/\/cardaklije.com\/en\/#website\"},\"primaryImageOfPage\":{\"@id\":\"https:\/\/cardaklije.com\/en\/ethno-village-cardaklije\/#primaryimage\"},\"image\":{\"@id\":\"https:\/\/cardaklije.com\/en\/ethno-village-cardaklije\/#primaryimage\"},\"thumbnailUrl\":\"https:\/\/cardaklije.com\/en\/wp-content\/uploads\/sites\/2\/2014\/04\/cardaklije1-1024x596.jpg\",\"datePublished\":\"2012-11-26T13:57:58+00:00\",\"dateModified\":\"2022-02-10T14:55:06+00:00\",\"breadcrumb\":{\"@id\":\"https:\/\/cardaklije.com\/en\/ethno-village-cardaklije\/#breadcrumb\"},\"inLanguage\":\"en-US\",\"potentialAction\":[{\"@type\":\"ReadAction\",\"target\":[\"https:\/\/cardaklije.com\/en\/ethno-village-cardaklije\/\"]}]},{\"@type\":\"ImageObject\",\"inLanguage\":\"en-US\",\"@id\":\"https:\/\/cardaklije.com\/en\/ethno-village-cardaklije\/#primaryimage\",\"url\":\"https:\/\/cardaklije.com\/en\/wp-content\/uploads\/sites\/2\/2014\/04\/cardaklije1.jpg\",\"contentUrl\":\"https:\/\/cardaklije.com\/en\/wp-content\/uploads\/sites\/2\/2014\/04\/cardaklije1.jpg\",\"width\":1024,\"height\":596,\"caption\":\"Ethno Village \u010cARDAKLIJE\"},{\"@type\":\"BreadcrumbList\",\"@id\":\"https:\/\/cardaklije.com\/en\/ethno-village-cardaklije\/#breadcrumb\",\"itemListElement\":[{\"@type\":\"ListItem\",\"position\":1,\"name\":\"Home\",\"item\":\"https:\/\/cardaklije.com\/en\/\"},{\"@type\":\"ListItem\",\"position\":2,\"name\":\"Ethno Village \u010cardaklije\"}]},{\"@type\":\"WebSite\",\"@id\":\"https:\/\/cardaklije.com\/en\/#website\",\"url\":\"https:\/\/cardaklije.com\/en\/\",\"name\":\"Cardaklije\",\"description\":\"ETHNO VILLAGE Bosnia and Herzegovina\",\"publisher\":{\"@id\":\"https:\/\/cardaklije.com\/en\/#organization\"},\"potentialAction\":[{\"@type\":\"SearchAction\",\"target\":{\"@type\":\"EntryPoint\",\"urlTemplate\":\"https:\/\/cardaklije.com\/en\/?s={search_term_string}\"},\"query-input\":{\"@type\":\"PropertyValueSpecification\",\"valueRequired\":true,\"valueName\":\"search_term_string\"}}],\"inLanguage\":\"en-US\"},{\"@type\":\"Organization\",\"@id\":\"https:\/\/cardaklije.com\/en\/#organization\",\"name\":\"Cardaklije\",\"url\":\"https:\/\/cardaklije.com\/en\/\",\"logo\":{\"@type\":\"ImageObject\",\"inLanguage\":\"en-US\",\"@id\":\"https:\/\/cardaklije.com\/en\/#\/schema\/logo\/image\/\",\"url\":\"https:\/\/cardaklije.com\/en\/wp-content\/uploads\/sites\/2\/2022\/02\/cropped-cardaklije_logo.png\",\"contentUrl\":\"https:\/\/cardaklije.com\/en\/wp-content\/uploads\/sites\/2\/2022\/02\/cropped-cardaklije_logo.png\",\"width\":882,\"height\":498,\"caption\":\"Cardaklije\"},\"image\":{\"@id\":\"https:\/\/cardaklije.com\/en\/#\/schema\/logo\/image\/\"}}]}<\/script>\n<!-- \/ Yoast SEO plugin. -->","yoast_head_json":{"title":"Ethno Village \u010cardaklije - Cardaklije","robots":{"index":"index","follow":"follow","max-snippet":"max-snippet:-1","max-image-preview":"max-image-preview:large","max-video-preview":"max-video-preview:-1"},"canonical":"https:\/\/cardaklije.com\/en\/ethno-village-cardaklije\/","og_locale":"en_US","og_type":"article","og_title":"Ethno Village \u010cardaklije - Cardaklije","og_description":"Ethno Village \u010cARDAKLIJE Ethno village &#8220;\u010cardaklije&#8221; is located close to Bosanski Petrovac, in the village of Vrto\u010de. \u010cardaklije is in an ideal location \u2013 30km (19 miles) from the major road Biha\u0107 to Sarajevo, 12km (7.5 miles) from the National Park, Una, 2 hours from the Adriatic Sea and 70km (44 miles) from Plitvica Lakes. [&hellip;]","og_url":"https:\/\/cardaklije.com\/en\/ethno-village-cardaklije\/","og_site_name":"Cardaklije","article_modified_time":"2022-02-10T14:55:06+00:00","og_image":[{"url":"https:\/\/cardaklije.com\/en\/wp-content\/uploads\/sites\/2\/2014\/04\/cardaklije1-1024x596.jpg","type":"","width":"","height":""}],"twitter_card":"summary_large_image","twitter_misc":{"Est. reading time":"3 minutes"},"schema":{"@context":"https:\/\/schema.org","@graph":[{"@type":"WebPage","@id":"https:\/\/cardaklije.com\/en\/ethno-village-cardaklije\/","url":"https:\/\/cardaklije.com\/en\/ethno-village-cardaklije\/","name":"Ethno Village \u010cardaklije - Cardaklije","isPartOf":{"@id":"https:\/\/cardaklije.com\/en\/#website"},"primaryImageOfPage":{"@id":"https:\/\/cardaklije.com\/en\/ethno-village-cardaklije\/#primaryimage"},"image":{"@id":"https:\/\/cardaklije.com\/en\/ethno-village-cardaklije\/#primaryimage"},"thumbnailUrl":"https:\/\/cardaklije.com\/en\/wp-content\/uploads\/sites\/2\/2014\/04\/cardaklije1-1024x596.jpg","datePublished":"2012-11-26T13:57:58+00:00","dateModified":"2022-02-10T14:55:06+00:00","breadcrumb":{"@id":"https:\/\/cardaklije.com\/en\/ethno-village-cardaklije\/#breadcrumb"},"inLanguage":"en-US","potentialAction":[{"@type":"ReadAction","target":["https:\/\/cardaklije.com\/en\/ethno-village-cardaklije\/"]}]},{"@type":"ImageObject","inLanguage":"en-US","@id":"https:\/\/cardaklije.com\/en\/ethno-village-cardaklije\/#primaryimage","url":"https:\/\/cardaklije.com\/en\/wp-content\/uploads\/sites\/2\/2014\/04\/cardaklije1.jpg","contentUrl":"https:\/\/cardaklije.com\/en\/wp-content\/uploads\/sites\/2\/2014\/04\/cardaklije1.jpg","width":1024,"height":596,"caption":"Ethno Village \u010cARDAKLIJE"},{"@type":"BreadcrumbList","@id":"https:\/\/cardaklije.com\/en\/ethno-village-cardaklije\/#breadcrumb","itemListElement":[{"@type":"ListItem","position":1,"name":"Home","item":"https:\/\/cardaklije.com\/en\/"},{"@type":"ListItem","position":2,"name":"Ethno Village \u010cardaklije"}]},{"@type":"WebSite","@id":"https:\/\/cardaklije.com\/en\/#website","url":"https:\/\/cardaklije.com\/en\/","name":"Cardaklije","description":"ETHNO VILLAGE Bosnia and Herzegovina","publisher":{"@id":"https:\/\/cardaklije.com\/en\/#organization"},"potentialAction":[{"@type":"SearchAction","target":{"@type":"EntryPoint","urlTemplate":"https:\/\/cardaklije.com\/en\/?s={search_term_string}"},"query-input":{"@type":"PropertyValueSpecification","valueRequired":true,"valueName":"search_term_string"}}],"inLanguage":"en-US"},{"@type":"Organization","@id":"https:\/\/cardaklije.com\/en\/#organization","name":"Cardaklije","url":"https:\/\/cardaklije.com\/en\/","logo":{"@type":"ImageObject","inLanguage":"en-US","@id":"https:\/\/cardaklije.com\/en\/#\/schema\/logo\/image\/","url":"https:\/\/cardaklije.com\/en\/wp-content\/uploads\/sites\/2\/2022\/02\/cropped-cardaklije_logo.png","contentUrl":"https:\/\/cardaklije.com\/en\/wp-content\/uploads\/sites\/2\/2022\/02\/cropped-cardaklije_logo.png","width":882,"height":498,"caption":"Cardaklije"},"image":{"@id":"https:\/\/cardaklije.com\/en\/#\/schema\/logo\/image\/"}}]}},"_links":{"self":[{"href":"https:\/\/cardaklije.com\/en\/wp-json\/wp\/v2\/pages\/13","targetHints":{"allow":["GET"]}}],"collection":[{"href":"https:\/\/cardaklije.com\/en\/wp-json\/wp\/v2\/pages"}],"about":[{"href":"https:\/\/cardaklije.com\/en\/wp-json\/wp\/v2\/types\/page"}],"author":[{"embeddable":true,"href":"https:\/\/cardaklije.com\/en\/wp-json\/wp\/v2\/users\/1"}],"replies":[{"embeddable":true,"href":"https:\/\/cardaklije.com\/en\/wp-json\/wp\/v2\/comments?post=13"}],"version-history":[{"count":12,"href":"https:\/\/cardaklije.com\/en\/wp-json\/wp\/v2\/pages\/13\/revisions"}],"predecessor-version":[{"id":1789,"href":"https:\/\/cardaklije.com\/en\/wp-json\/wp\/v2\/pages\/13\/revisions\/1789"}],"wp:attachment":[{"href":"https:\/\/cardaklije.com\/en\/wp-json\/wp\/v2\/media?parent=13"}],"curies":[{"name":"wp","href":"https:\/\/api.w.org\/{rel}","templated":true}]}}